{"id":8174,"date":"2024-05-03T15:06:48","date_gmt":"2024-05-03T19:06:48","guid":{"rendered":"https:\/\/i3com.com.br\/?page_id=8174"},"modified":"2024-06-27T13:55:38","modified_gmt":"2024-06-27T17:55:38","slug":"carreiras","status":"publish","type":"page","link":"https:\/\/i3com.com.br\/es\/carreras\/","title":{"rendered":"Carreras"},"content":{"rendered":"<div data-elementor-type=\"wp-page\" data-elementor-id=\"8174\" class=\"elementor elementor-8174\" data-elementor-post-type=\"page\">\n\t\t\t\t<div class=\"elementor-element elementor-element-5ad4721 kenimage e-flex e-con-boxed e-con e-parent\" data-id=\"5ad4721\" data-element_type=\"container\" data-settings=\"{&quot;background_background&quot;:&quot;classic&quot;,&quot;jet_parallax_layout_list&quot;:[],&quot;background_motion_fx_scale_speed&quot;:{&quot;unit&quot;:&quot;px&quot;,&quot;size&quot;:3,&quot;sizes&quot;:[]},&quot;background_motion_fx_scale_range&quot;:{&quot;unit&quot;:&quot;%&quot;,&quot;size&quot;:&quot;&quot;,&quot;sizes&quot;:{&quot;start&quot;:0,&quot;end&quot;:100}},&quot;background_motion_fx_motion_fx_scrolling&quot;:&quot;yes&quot;,&quot;background_motion_fx_scale_effect&quot;:&quot;yes&quot;,&quot;background_motion_fx_scale_direction&quot;:&quot;out-in&quot;,&quot;background_motion_fx_devices&quot;:[&quot;desktop&quot;,&quot;tablet&quot;,&quot;mobile&quot;]}\">\n\t\t\t\t\t<div class=\"e-con-inner\">\n\t\t<div class=\"elementor-element elementor-element-1518bc8 e-con-full e-flex e-con e-child\" data-id=\"1518bc8\" data-element_type=\"container\" data-settings=\"{&quot;jet_parallax_layout_list&quot;:[]}\">\n\t\t\t\t<div class=\"elementor-element elementor-element-9b2cd7a elementor-widget elementor-widget-heading\" data-id=\"9b2cd7a\" data-element_type=\"widget\" data-widget_type=\"heading.default\">\n\t\t\t\t<div class=\"elementor-widget-container\">\n\t\t\t\t\t<h1 class=\"elementor-heading-title elementor-size-default\">Carreras<\/h1>\t\t\t\t<\/div>\n\t\t\t\t<\/div>\n\t\t\t\t<div class=\"elementor-element elementor-element-d679840 elementor-widget elementor-widget-jet-button\" data-id=\"d679840\" data-element_type=\"widget\" data-widget_type=\"jet-button.default\">\n\t\t\t\t<div class=\"elementor-widget-container\">\n\t\t\t\t\t<div class=\"elementor-jet-button jet-elements\"><div class=\"jet-button__container\">\n\t<a class=\"jet-button__instance jet-button__instance--icon-right hover-effect-1\" href=\"https:\/\/i3com.com.br\/es\/carreras\/oportunidades\/\">\n\t\t<div class=\"jet-button__plane jet-button__plane-normal\"><\/div>\n\t\t<div class=\"jet-button__plane jet-button__plane-hover\"><\/div>\n\t\t<div class=\"jet-button__state jet-button__state-normal\">\n\t\t\t<span class=\"jet-button__icon jet-elements-icon\"><svg xmlns=\"http:\/\/www.w3.org\/2000\/svg\" width=\"24\" height=\"24\" viewbox=\"0 0 24 24\" fill=\"none\" stroke=\"currentColor\" stroke-width=\"2\" stroke-linecap=\"round\" stroke-linejoin=\"round\" class=\"feather feather-chevron-right\"><polyline points=\"9 18 15 12 9 6\"><\/polyline><\/svg><\/span><span class=\"jet-button__label\">Oportunidades<\/span>\t\t<\/div>\n\t\t<div class=\"jet-button__state jet-button__state-hover\">\n\t\t\t<span class=\"jet-button__icon jet-elements-icon\"><svg xmlns=\"http:\/\/www.w3.org\/2000\/svg\" width=\"24\" height=\"24\" viewbox=\"0 0 24 24\" fill=\"none\" stroke=\"currentColor\" stroke-width=\"2\" stroke-linecap=\"round\" stroke-linejoin=\"round\" class=\"feather feather-chevron-right\"><polyline points=\"9 18 15 12 9 6\"><\/polyline><\/svg><\/span><span class=\"jet-button__label\">Oportunidades<\/span>\t\t<\/div>\n\t<\/a>\n<\/div>\n<\/div>\t\t\t\t<\/div>\n\t\t\t\t<\/div>\n\t\t<div class=\"elementor-element elementor-element-ab91d64 e-flex e-con-boxed e-con e-child\" data-id=\"ab91d64\" data-element_type=\"container\" data-settings=\"{&quot;jet_parallax_layout_list&quot;:[]}\">\n\t\t\t\t\t<div class=\"e-con-inner\">\n\t\t\t\t<div class=\"elementor-element elementor-element-04f0826 elementor-widget elementor-widget-heading\" data-id=\"04f0826\" data-element_type=\"widget\" data-widget_type=\"heading.default\">\n\t\t\t\t<div class=\"elementor-widget-container\">\n\t\t\t\t\t<div class=\"elementor-heading-title elementor-size-default\"><a href=\"https:\/\/i3com.com.br\/es\">Hogar<\/a><\/div>\t\t\t\t<\/div>\n\t\t\t\t<\/div>\n\t\t\t\t<div class=\"elementor-element elementor-element-dd6956e elementor-view-default elementor-widget elementor-widget-icon\" data-id=\"dd6956e\" data-element_type=\"widget\" data-widget_type=\"icon.default\">\n\t\t\t\t<div class=\"elementor-widget-container\">\n\t\t\t\t\t\t\t<div class=\"elementor-icon-wrapper\">\n\t\t\t<div class=\"elementor-icon\">\n\t\t\t<svg xmlns=\"http:\/\/www.w3.org\/2000\/svg\" width=\"24\" height=\"24\" viewbox=\"0 0 24 24\" fill=\"none\" stroke=\"currentColor\" stroke-width=\"2\" stroke-linecap=\"round\" stroke-linejoin=\"round\" class=\"feather feather-chevron-right\"><polyline points=\"9 18 15 12 9 6\"><\/polyline><\/svg>\t\t\t<\/div>\n\t\t<\/div>\n\t\t\t\t\t\t<\/div>\n\t\t\t\t<\/div>\n\t\t\t\t<div class=\"elementor-element elementor-element-29e2c1e elementor-widget elementor-widget-heading\" data-id=\"29e2c1e\" data-element_type=\"widget\" data-widget_type=\"heading.default\">\n\t\t\t\t<div class=\"elementor-widget-container\">\n\t\t\t\t\t<div class=\"elementor-heading-title elementor-size-default\">Canales<\/div>\t\t\t\t<\/div>\n\t\t\t\t<\/div>\n\t\t\t\t<div class=\"elementor-element elementor-element-52fa4b4 elementor-view-default elementor-widget elementor-widget-icon\" data-id=\"52fa4b4\" data-element_type=\"widget\" data-widget_type=\"icon.default\">\n\t\t\t\t<div class=\"elementor-widget-container\">\n\t\t\t\t\t\t\t<div class=\"elementor-icon-wrapper\">\n\t\t\t<div class=\"elementor-icon\">\n\t\t\t<svg xmlns=\"http:\/\/www.w3.org\/2000\/svg\" width=\"24\" height=\"24\" viewbox=\"0 0 24 24\" fill=\"none\" stroke=\"currentColor\" stroke-width=\"2\" stroke-linecap=\"round\" stroke-linejoin=\"round\" class=\"feather feather-chevron-right\"><polyline points=\"9 18 15 12 9 6\"><\/polyline><\/svg>\t\t\t<\/div>\n\t\t<\/div>\n\t\t\t\t\t\t<\/div>\n\t\t\t\t<\/div>\n\t\t\t\t<div class=\"elementor-element elementor-element-03802cf elementor-widget elementor-widget-heading\" data-id=\"03802cf\" data-element_type=\"widget\" data-widget_type=\"heading.default\">\n\t\t\t\t<div class=\"elementor-widget-container\">\n\t\t\t\t\t<div class=\"elementor-heading-title elementor-size-default\">Carreras<\/div>\t\t\t\t<\/div>\n\t\t\t\t<\/div>\n\t\t\t\t\t<\/div>\n\t\t\t\t<\/div>\n\t\t\t\t<\/div>\n\t\t\t\t\t<\/div>\n\t\t\t\t<\/div>\n\t\t<div class=\"elementor-element elementor-element-30268d6 e-flex e-con-boxed e-con e-parent\" data-id=\"30268d6\" data-element_type=\"container\" data-settings=\"{&quot;jet_parallax_layout_list&quot;:[]}\">\n\t\t\t\t\t<div class=\"e-con-inner\">\n\t\t<div class=\"elementor-element elementor-element-5205186 e-con-full e-flex e-con e-child\" data-id=\"5205186\" data-element_type=\"container\" data-settings=\"{&quot;jet_parallax_layout_list&quot;:[]}\">\n\t\t\t\t<div class=\"elementor-element elementor-element-58eeca6 elementor-widget elementor-widget-image\" data-id=\"58eeca6\" data-element_type=\"widget\" data-widget_type=\"image.default\">\n\t\t\t\t<div class=\"elementor-widget-container\">\n\t\t\t\t\t\t\t\t\t\t\t\t\t\t\t<img fetchpriority=\"high\" decoding=\"async\" width=\"600\" height=\"600\" src=\"https:\/\/i3com.com.br\/wp-content\/uploads\/2024\/05\/TS-Scene-09.png\" class=\"attachment-large size-large wp-image-9819\" alt=\"\" srcset=\"https:\/\/i3com.com.br\/wp-content\/uploads\/2024\/05\/TS-Scene-09.png 600w, https:\/\/i3com.com.br\/wp-content\/uploads\/2024\/05\/TS-Scene-09-300x300.png 300w, https:\/\/i3com.com.br\/wp-content\/uploads\/2024\/05\/TS-Scene-09-150x150.png 150w\" sizes=\"(max-width: 600px) 100vw, 600px\" \/>\t\t\t\t\t\t\t\t\t\t\t\t\t\t\t<\/div>\n\t\t\t\t<\/div>\n\t\t\t\t<\/div>\n\t\t<div class=\"elementor-element elementor-element-77413bd e-con-full e-flex e-con e-child\" data-id=\"77413bd\" data-element_type=\"container\" data-settings=\"{&quot;jet_parallax_layout_list&quot;:[]}\">\n\t\t<div class=\"elementor-element elementor-element-e63e53b e-con-full e-flex e-con e-child\" data-id=\"e63e53b\" data-element_type=\"container\" data-settings=\"{&quot;jet_parallax_layout_list&quot;:[]}\">\n\t\t\t\t<div class=\"elementor-element elementor-element-dc9e600 elementor-widget-tablet__width-inherit elementor-widget-mobile__width-inherit elementor-absolute elementor-widget elementor-widget-heading\" data-id=\"dc9e600\" data-element_type=\"widget\" data-settings=\"{&quot;_position&quot;:&quot;absolute&quot;}\" data-widget_type=\"heading.default\">\n\t\t\t\t<div class=\"elementor-widget-container\">\n\t\t\t\t\t<div class=\"elementor-heading-title elementor-size-default\">Promover <\/br>  valorar<\/div>\t\t\t\t<\/div>\n\t\t\t\t<\/div>\n\t\t\t\t<div class=\"elementor-element elementor-element-f541b79 elementor-widget-tablet__width-inherit elementor-widget elementor-widget-heading\" data-id=\"f541b79\" data-element_type=\"widget\" data-widget_type=\"heading.default\">\n\t\t\t\t<div class=\"elementor-widget-container\">\n\t\t\t\t\t<h2 class=\"elementor-heading-title elementor-size-default\">Bienvenido a i3com<\/h2>\t\t\t\t<\/div>\n\t\t\t\t<\/div>\n\t\t\t\t<\/div>\n\t\t\t\t<div class=\"elementor-element elementor-element-db7ae6b elementor-widget elementor-widget-text-editor\" data-id=\"db7ae6b\" data-element_type=\"widget\" data-widget_type=\"text-editor.default\">\n\t\t\t\t<div class=\"elementor-widget-container\">\n\t\t\t\t\t\t\t\t\t<p>A <strong>i3com<\/strong> es reconocida por la calificaci\u00f3n de sus profesionales y la capacidad de su ecosistema para innovar y generar valor, promoviendo y valorando la meritocracia, la equidad, la seguridad y salud en el trabajo y la formaci\u00f3n profesional, desde un entorno participativo, estimulante, desafiante y rico en oportunidades, apuntando a una relaci\u00f3n valorada, basada en el compromiso, el respeto y el aprecio de sus empleados.<\/p><p>A <strong>i3com<\/strong> cree en el poder transformador de la diversidad y la inclusi\u00f3n, reafirmando su compromiso con las personas \u2013 de diferentes edades, or\u00edgenes, razas, culturas, g\u00e9neros y religiones \u2013 que dan sentido a sus actividades y hacen posible so\u00f1ar, crear, lograr y lograr juntos .<\/p>\t\t\t\t\t\t\t\t<\/div>\n\t\t\t\t<\/div>\n\t\t\t\t<\/div>\n\t\t\t\t\t<\/div>\n\t\t\t\t<\/div>\n\t\t<div class=\"elementor-element elementor-element-ffea0cd e-flex e-con-boxed e-con e-parent\" data-id=\"ffea0cd\" data-element_type=\"container\" data-settings=\"{&quot;jet_parallax_layout_list&quot;:[],&quot;background_background&quot;:&quot;classic&quot;}\">\n\t\t\t\t\t<div class=\"e-con-inner\">\n\t\t<div class=\"elementor-element elementor-element-769c879 e-con-full e-flex e-con e-child\" data-id=\"769c879\" data-element_type=\"container\" data-settings=\"{&quot;jet_parallax_layout_list&quot;:[]}\">\n\t\t<div class=\"elementor-element elementor-element-6e54df0 e-con-full e-flex e-con e-child\" data-id=\"6e54df0\" data-element_type=\"container\" data-settings=\"{&quot;jet_parallax_layout_list&quot;:[]}\">\n\t\t\t\t<div class=\"elementor-element elementor-element-8fdaaf3 elementor-widget-tablet__width-inherit elementor-widget-mobile__width-inherit elementor-absolute elementor-widget elementor-widget-heading\" data-id=\"8fdaaf3\" data-element_type=\"widget\" data-settings=\"{&quot;_position&quot;:&quot;absolute&quot;}\" data-widget_type=\"heading.default\">\n\t\t\t\t<div class=\"elementor-widget-container\">\n\t\t\t\t\t<div class=\"elementor-heading-title elementor-size-default\">Compartir\n<\/br>crecer<\/div>\t\t\t\t<\/div>\n\t\t\t\t<\/div>\n\t\t\t\t<div class=\"elementor-element elementor-element-a668168 elementor-widget-tablet__width-inherit elementor-widget elementor-widget-heading\" data-id=\"a668168\" data-element_type=\"widget\" data-widget_type=\"heading.default\">\n\t\t\t\t<div class=\"elementor-widget-container\">\n\t\t\t\t\t<h2 class=\"elementor-heading-title elementor-size-default\">Transformar, evolucionar y lograr juntos<\/h2>\t\t\t\t<\/div>\n\t\t\t\t<\/div>\n\t\t\t\t<\/div>\n\t\t\t\t<div class=\"elementor-element elementor-element-ed1ba57 elementor-widget elementor-widget-text-editor\" data-id=\"ed1ba57\" data-element_type=\"widget\" data-widget_type=\"text-editor.default\">\n\t\t\t\t<div class=\"elementor-widget-container\">\n\t\t\t\t\t\t\t\t\t<p>A <strong>i3com<\/strong> cuenta con profesionales especializados en gesti\u00f3n de capital (financiero, intelectual, humano, social, ambiental, reputacional y relacional), conversi\u00f3n\/ventas y publicidad, marketing y publicidad de alto rendimiento, integrado por consultores SDR\/BDR y <em>cerradores<\/em>, <em>redactores<\/em>, guionistas, dise\u00f1adores gr\u00e1ficos, dise\u00f1adores de UI y UX, editores de video, animadores, VFX, <em>camar\u00f3grafos<\/em>y analistas <em>Marketing de crecimiento<\/em>, <em>\u00c9xito del cliente<\/em>, marketing, medios y audiencia, social media, e-commerce\u2026 por poner s\u00f3lo un ejemplo de algunos de sus profesionales del universo empresarial, verbal, audiovisual y digital.<\/p><p>Dependiendo de la cultura de compromiso con su prop\u00f3sito, misi\u00f3n, visi\u00f3n y valores y un conjunto de lineamientos y pr\u00e1cticas efectivas para apoyar y mejorar el capital humano (por ejemplo, Pol\u00edtica de remuneraci\u00f3n y beneficios, plan de trabajo, carreras, salarios, programa de recompensas mensuales, ganancias Programa de Compartir), el <strong>i3com<\/strong> fomenta la atracci\u00f3n, contrataci\u00f3n y retenci\u00f3n de sus profesionales, as\u00ed como una alta productividad y alineaci\u00f3n con sus estrategias y objetivos corporativos.<\/p><p>A <strong>i3com, <\/strong>seg\u00fan criterios de acceso, remuneraci\u00f3n y promoci\u00f3n profesional, promueve la igualdad de oportunidades, en lo que respecta al ingreso, las relaciones formales de trabajo y la ocupaci\u00f3n de puestos directivos, incluida la Alta Direcci\u00f3n.<\/p>\t\t\t\t\t\t\t\t<\/div>\n\t\t\t\t<\/div>\n\t\t\t\t<div class=\"elementor-element elementor-element-5cf9d48 elementor-widget elementor-widget-jet-button\" data-id=\"5cf9d48\" data-element_type=\"widget\" data-widget_type=\"jet-button.default\">\n\t\t\t\t<div class=\"elementor-widget-container\">\n\t\t\t\t\t<div class=\"elementor-jet-button jet-elements\"><div class=\"jet-button__container\">\n\t<a class=\"jet-button__instance jet-button__instance--icon-right hover-effect-1\" href=\"https:\/\/i3com.com.br\/es\/carreras\/oportunidades\/\">\n\t\t<div class=\"jet-button__plane jet-button__plane-normal\"><\/div>\n\t\t<div class=\"jet-button__plane jet-button__plane-hover\"><\/div>\n\t\t<div class=\"jet-button__state jet-button__state-normal\">\n\t\t\t<span class=\"jet-button__icon jet-elements-icon\"><svg xmlns=\"http:\/\/www.w3.org\/2000\/svg\" width=\"24\" height=\"24\" viewbox=\"0 0 24 24\" fill=\"none\" stroke=\"currentColor\" stroke-width=\"2\" stroke-linecap=\"round\" stroke-linejoin=\"round\" class=\"feather feather-chevron-right\"><polyline points=\"9 18 15 12 9 6\"><\/polyline><\/svg><\/span><span class=\"jet-button__label\">Se parte de ello<\/span>\t\t<\/div>\n\t\t<div class=\"jet-button__state jet-button__state-hover\">\n\t\t\t<span class=\"jet-button__icon jet-elements-icon\"><svg xmlns=\"http:\/\/www.w3.org\/2000\/svg\" width=\"24\" height=\"24\" viewbox=\"0 0 24 24\" fill=\"none\" stroke=\"currentColor\" stroke-width=\"2\" stroke-linecap=\"round\" stroke-linejoin=\"round\" class=\"feather feather-chevron-right\"><polyline points=\"9 18 15 12 9 6\"><\/polyline><\/svg><\/span><span class=\"jet-button__label\">Se parte de ello<\/span>\t\t<\/div>\n\t<\/a>\n<\/div>\n<\/div>\t\t\t\t<\/div>\n\t\t\t\t<\/div>\n\t\t\t\t<\/div>\n\t\t<div class=\"elementor-element elementor-element-6b46f3f e-con-full e-flex e-con e-child\" data-id=\"6b46f3f\" data-element_type=\"container\" data-settings=\"{&quot;jet_parallax_layout_list&quot;:[]}\">\n\t\t\t\t<div class=\"elementor-element elementor-element-af04024 elementor-widget elementor-widget-image\" data-id=\"af04024\" data-element_type=\"widget\" data-widget_type=\"image.default\">\n\t\t\t\t<div class=\"elementor-widget-container\">\n\t\t\t\t\t\t\t\t\t\t\t\t\t\t\t<img decoding=\"async\" width=\"800\" height=\"1000\" src=\"https:\/\/i3com.com.br\/wp-content\/uploads\/2024\/05\/TS-Scene-11-819x1024.png\" class=\"attachment-large size-large wp-image-9825\" alt=\"\" srcset=\"https:\/\/i3com.com.br\/wp-content\/uploads\/2024\/05\/TS-Scene-11-819x1024.png 819w, https:\/\/i3com.com.br\/wp-content\/uploads\/2024\/05\/TS-Scene-11-240x300.png 240w, https:\/\/i3com.com.br\/wp-content\/uploads\/2024\/05\/TS-Scene-11-768x960.png 768w, https:\/\/i3com.com.br\/wp-content\/uploads\/2024\/05\/TS-Scene-11-480x600.png 480w, https:\/\/i3com.com.br\/wp-content\/uploads\/2024\/05\/TS-Scene-11.png 1080w\" sizes=\"(max-width: 800px) 100vw, 800px\" \/>\t\t\t\t\t\t\t\t\t\t\t\t\t\t\t<\/div>\n\t\t\t\t<\/div>\n\t\t\t\t<\/div>\n\t\t\t\t\t<\/div>\n\t\t\t\t<\/div>\n\t\t\t\t<\/div>","protected":false},"excerpt":{"rendered":"<p>Carreras Inicio Canales Carreras Promocionar valor Bienvenidos a i3com i3com es reconocida por la calificaci\u00f3n de sus profesionales y la capacidad de su ecosistema para innovar y generar valor, promoviendo y valorando la meritocracia, la equidad, la seguridad y salud en el trabajo y la formaci\u00f3n profesional, desde un enfoque atractivo, ambiente estimulante y desafiante [\u2026]<\/p>","protected":false},"author":1,"featured_media":0,"parent":0,"menu_order":0,"comment_status":"closed","ping_status":"closed","template":"","meta":{"footnotes":""},"class_list":["post-8174","page","type-page","status-publish","hentry"],"yoast_head":"<!-- This site is optimized with the Yoast SEO Premium plugin v22.7 (Yoast SEO v27.2) - https:\/\/yoast.com\/product\/yoast-seo-premium-wordpress\/ -->\n<title>Carreiras &#187; i3com<\/title>\n<meta name=\"robots\" content=\"index, follow, max-snippet:-1, max-image-preview:large, max-video-preview:-1\" \/>\n<link rel=\"canonical\" href=\"https:\/\/i3com.com.br\/es\/carreras\/\" \/>\n<meta property=\"og:locale\" content=\"es_ES\" \/>\n<meta property=\"og:type\" content=\"article\" \/>\n<meta property=\"og:title\" content=\"Carreiras\" \/>\n<meta property=\"og:description\" content=\"Carreiras Home Canais Carreiras Promover valorizar Seja Bem-Vindo \u00e0 i3com A i3com \u00e9 reconhecida pela qualifica\u00e7\u00e3o de seus profissionais e pela capacidade de seu ecossistema de inovar e gerar valor, ao promover e valorizar a meritocracia, a equidade, a sa\u00fade e seguran\u00e7a ocupacional e a capacita\u00e7\u00e3o profissional, a partir de um ambiente envolvente, estimulante, desafiador [&hellip;]\" \/>\n<meta property=\"og:url\" content=\"https:\/\/i3com.com.br\/es\/carreras\/\" \/>\n<meta property=\"og:site_name\" content=\"i3com\" \/>\n<meta property=\"article:publisher\" content=\"https:\/\/pt-br.facebook.com\/i3commidia\" \/>\n<meta property=\"article:modified_time\" content=\"2024-06-27T17:55:38+00:00\" \/>\n<meta property=\"og:image\" content=\"https:\/\/i3com.com.br\/wp-content\/uploads\/2024\/05\/TS-Scene-09.png\" \/>\n<meta name=\"twitter:card\" content=\"summary_large_image\" \/>\n<meta name=\"twitter:site\" content=\"@i3commidia\" \/>\n<meta name=\"twitter:label1\" content=\"Tiempo de lectura\" \/>\n\t<meta name=\"twitter:data1\" content=\"3 minutos\" \/>\n<script type=\"application\/ld+json\" class=\"yoast-schema-graph\">{\"@context\":\"https:\/\/schema.org\",\"@graph\":[{\"@type\":\"WebPage\",\"@id\":\"https:\/\/i3com.com.br\/carreiras\/\",\"url\":\"https:\/\/i3com.com.br\/carreiras\/\",\"name\":\"Carreiras &#187; i3com\",\"isPartOf\":{\"@id\":\"https:\/\/i3com.com.br\/#website\"},\"primaryImageOfPage\":{\"@id\":\"https:\/\/i3com.com.br\/carreiras\/#primaryimage\"},\"image\":{\"@id\":\"https:\/\/i3com.com.br\/carreiras\/#primaryimage\"},\"thumbnailUrl\":\"https:\/\/i3com.com.br\/wp-content\/uploads\/2024\/05\/TS-Scene-09.png\",\"datePublished\":\"2024-05-03T19:06:48+00:00\",\"dateModified\":\"2024-06-27T17:55:38+00:00\",\"breadcrumb\":{\"@id\":\"https:\/\/i3com.com.br\/carreiras\/#breadcrumb\"},\"inLanguage\":\"es\",\"potentialAction\":[{\"@type\":\"ReadAction\",\"target\":[\"https:\/\/i3com.com.br\/carreiras\/\"]}]},{\"@type\":\"ImageObject\",\"inLanguage\":\"es\",\"@id\":\"https:\/\/i3com.com.br\/carreiras\/#primaryimage\",\"url\":\"https:\/\/i3com.com.br\/wp-content\/uploads\/2024\/05\/TS-Scene-09.png\",\"contentUrl\":\"https:\/\/i3com.com.br\/wp-content\/uploads\/2024\/05\/TS-Scene-09.png\"},{\"@type\":\"BreadcrumbList\",\"@id\":\"https:\/\/i3com.com.br\/carreiras\/#breadcrumb\",\"itemListElement\":[{\"@type\":\"ListItem\",\"position\":1,\"name\":\"In\u00edcio\",\"item\":\"https:\/\/i3com.com.br\/\"},{\"@type\":\"ListItem\",\"position\":2,\"name\":\"Carreiras\"}]},{\"@type\":\"WebSite\",\"@id\":\"https:\/\/i3com.com.br\/#website\",\"url\":\"https:\/\/i3com.com.br\/\",\"name\":\"i3com\",\"description\":\"Intelig\u00eancia Inspira o Infinito\",\"publisher\":{\"@id\":\"https:\/\/i3com.com.br\/#organization\"},\"potentialAction\":[{\"@type\":\"SearchAction\",\"target\":{\"@type\":\"EntryPoint\",\"urlTemplate\":\"https:\/\/i3com.com.br\/?s={search_term_string}\"},\"query-input\":{\"@type\":\"PropertyValueSpecification\",\"valueRequired\":true,\"valueName\":\"search_term_string\"}}],\"inLanguage\":\"es\"},{\"@type\":\"Organization\",\"@id\":\"https:\/\/i3com.com.br\/#organization\",\"name\":\"i3com\",\"alternateName\":\"i3\",\"url\":\"https:\/\/i3com.com.br\/\",\"logo\":{\"@type\":\"ImageObject\",\"inLanguage\":\"es\",\"@id\":\"https:\/\/i3com.com.br\/#\/schema\/logo\/image\/\",\"url\":\"https:\/\/i3com.com.br\/wp-content\/uploads\/2023\/06\/Favicon.png\",\"contentUrl\":\"https:\/\/i3com.com.br\/wp-content\/uploads\/2023\/06\/Favicon.png\",\"width\":500,\"height\":500,\"caption\":\"i3com\"},\"image\":{\"@id\":\"https:\/\/i3com.com.br\/#\/schema\/logo\/image\/\"},\"sameAs\":[\"https:\/\/pt-br.facebook.com\/i3commidia\",\"https:\/\/x.com\/i3commidia\"],\"description\":\"Nossa expertise abrange solu\u00e7\u00f5es de branding, comunica\u00e7\u00e3o e neg\u00f3cios, desenvolvidas para impactar, conectar e fidelizar clientes em ciclos de relacionamento.\",\"email\":\"contato@i3com.com.br\",\"legalName\":\"i3com M\u00eddia & Comunica\u00e7\u00e3o\",\"publishingPrinciples\":\"https:\/\/i3com.com.br\/sintese-da-politica-de-privacidade-e-condicoes-gerais-de-uso-da-area-restrita\/\"}]}<\/script>\n<!-- \/ Yoast SEO Premium plugin. -->","yoast_head_json":{"title":"Carreiras &#187; i3com","robots":{"index":"index","follow":"follow","max-snippet":"max-snippet:-1","max-image-preview":"max-image-preview:large","max-video-preview":"max-video-preview:-1"},"canonical":"https:\/\/i3com.com.br\/es\/carreras\/","og_locale":"es_ES","og_type":"article","og_title":"Carreiras","og_description":"Carreiras Home Canais Carreiras Promover valorizar Seja Bem-Vindo \u00e0 i3com A i3com \u00e9 reconhecida pela qualifica\u00e7\u00e3o de seus profissionais e pela capacidade de seu ecossistema de inovar e gerar valor, ao promover e valorizar a meritocracia, a equidade, a sa\u00fade e seguran\u00e7a ocupacional e a capacita\u00e7\u00e3o profissional, a partir de um ambiente envolvente, estimulante, desafiador [&hellip;]","og_url":"https:\/\/i3com.com.br\/es\/carreras\/","og_site_name":"i3com","article_publisher":"https:\/\/pt-br.facebook.com\/i3commidia","article_modified_time":"2024-06-27T17:55:38+00:00","og_image":[{"url":"https:\/\/i3com.com.br\/wp-content\/uploads\/2024\/05\/TS-Scene-09.png","type":"","width":"","height":""}],"twitter_card":"summary_large_image","twitter_site":"@i3commidia","twitter_misc":{"Tiempo de lectura":"3 minutos"},"schema":{"@context":"https:\/\/schema.org","@graph":[{"@type":"WebPage","@id":"https:\/\/i3com.com.br\/carreiras\/","url":"https:\/\/i3com.com.br\/carreiras\/","name":"Carreiras &#187; i3com","isPartOf":{"@id":"https:\/\/i3com.com.br\/#website"},"primaryImageOfPage":{"@id":"https:\/\/i3com.com.br\/carreiras\/#primaryimage"},"image":{"@id":"https:\/\/i3com.com.br\/carreiras\/#primaryimage"},"thumbnailUrl":"https:\/\/i3com.com.br\/wp-content\/uploads\/2024\/05\/TS-Scene-09.png","datePublished":"2024-05-03T19:06:48+00:00","dateModified":"2024-06-27T17:55:38+00:00","breadcrumb":{"@id":"https:\/\/i3com.com.br\/carreiras\/#breadcrumb"},"inLanguage":"es","potentialAction":[{"@type":"ReadAction","target":["https:\/\/i3com.com.br\/carreiras\/"]}]},{"@type":"ImageObject","inLanguage":"es","@id":"https:\/\/i3com.com.br\/carreiras\/#primaryimage","url":"https:\/\/i3com.com.br\/wp-content\/uploads\/2024\/05\/TS-Scene-09.png","contentUrl":"https:\/\/i3com.com.br\/wp-content\/uploads\/2024\/05\/TS-Scene-09.png"},{"@type":"BreadcrumbList","@id":"https:\/\/i3com.com.br\/carreiras\/#breadcrumb","itemListElement":[{"@type":"ListItem","position":1,"name":"In\u00edcio","item":"https:\/\/i3com.com.br\/"},{"@type":"ListItem","position":2,"name":"Carreiras"}]},{"@type":"WebSite","@id":"https:\/\/i3com.com.br\/#website","url":"https:\/\/i3com.com.br\/","name":"i3com","description":"Intelig\u00eancia Inspira o Infinito","publisher":{"@id":"https:\/\/i3com.com.br\/#organization"},"potentialAction":[{"@type":"SearchAction","target":{"@type":"EntryPoint","urlTemplate":"https:\/\/i3com.com.br\/?s={search_term_string}"},"query-input":{"@type":"PropertyValueSpecification","valueRequired":true,"valueName":"search_term_string"}}],"inLanguage":"es"},{"@type":"Organization","@id":"https:\/\/i3com.com.br\/#organization","name":"i3com","alternateName":"i3","url":"https:\/\/i3com.com.br\/","logo":{"@type":"ImageObject","inLanguage":"es","@id":"https:\/\/i3com.com.br\/#\/schema\/logo\/image\/","url":"https:\/\/i3com.com.br\/wp-content\/uploads\/2023\/06\/Favicon.png","contentUrl":"https:\/\/i3com.com.br\/wp-content\/uploads\/2023\/06\/Favicon.png","width":500,"height":500,"caption":"i3com"},"image":{"@id":"https:\/\/i3com.com.br\/#\/schema\/logo\/image\/"},"sameAs":["https:\/\/pt-br.facebook.com\/i3commidia","https:\/\/x.com\/i3commidia"],"description":"Nossa expertise abrange solu\u00e7\u00f5es de branding, comunica\u00e7\u00e3o e neg\u00f3cios, desenvolvidas para impactar, conectar e fidelizar clientes em ciclos de relacionamento.","email":"contato@i3com.com.br","legalName":"i3com M\u00eddia & Comunica\u00e7\u00e3o","publishingPrinciples":"https:\/\/i3com.com.br\/sintese-da-politica-de-privacidade-e-condicoes-gerais-de-uso-da-area-restrita\/"}]}},"_links":{"self":[{"href":"https:\/\/i3com.com.br\/es\/wp-json\/wp\/v2\/pages\/8174","targetHints":{"allow":["GET"]}}],"collection":[{"href":"https:\/\/i3com.com.br\/es\/wp-json\/wp\/v2\/pages"}],"about":[{"href":"https:\/\/i3com.com.br\/es\/wp-json\/wp\/v2\/types\/page"}],"author":[{"embeddable":true,"href":"https:\/\/i3com.com.br\/es\/wp-json\/wp\/v2\/users\/1"}],"replies":[{"embeddable":true,"href":"https:\/\/i3com.com.br\/es\/wp-json\/wp\/v2\/comments?post=8174"}],"version-history":[{"count":6,"href":"https:\/\/i3com.com.br\/es\/wp-json\/wp\/v2\/pages\/8174\/revisions"}],"predecessor-version":[{"id":11802,"href":"https:\/\/i3com.com.br\/es\/wp-json\/wp\/v2\/pages\/8174\/revisions\/11802"}],"wp:attachment":[{"href":"https:\/\/i3com.com.br\/es\/wp-json\/wp\/v2\/media?parent=8174"}],"curies":[{"name":"wp","href":"https:\/\/api.w.org\/{rel}","templated":true}]}}