{"id":9468,"date":"2024-05-08T12:53:37","date_gmt":"2024-05-08T16:53:37","guid":{"rendered":"https:\/\/i3com.com.br\/?page_id=9468"},"modified":"2024-05-15T15:52:15","modified_gmt":"2024-05-15T19:52:15","slug":"stakeholders","status":"publish","type":"page","link":"https:\/\/i3com.com.br\/en\/stakeholders\/","title":{"rendered":"Stakeholders"},"content":{"rendered":"<div data-elementor-type=\"wp-page\" data-elementor-id=\"9468\" class=\"elementor elementor-9468\" data-elementor-post-type=\"page\">\n\t\t\t\t<div class=\"elementor-element elementor-element-12fa464 kenimage e-flex e-con-boxed e-con e-parent\" data-id=\"12fa464\" data-element_type=\"container\" data-settings=\"{&quot;background_background&quot;:&quot;classic&quot;,&quot;jet_parallax_layout_list&quot;:[],&quot;background_motion_fx_scale_speed&quot;:{&quot;unit&quot;:&quot;px&quot;,&quot;size&quot;:3,&quot;sizes&quot;:[]},&quot;background_motion_fx_scale_range&quot;:{&quot;unit&quot;:&quot;%&quot;,&quot;size&quot;:&quot;&quot;,&quot;sizes&quot;:{&quot;start&quot;:0,&quot;end&quot;:100}},&quot;background_motion_fx_motion_fx_scrolling&quot;:&quot;yes&quot;,&quot;background_motion_fx_scale_effect&quot;:&quot;yes&quot;,&quot;background_motion_fx_scale_direction&quot;:&quot;out-in&quot;,&quot;background_motion_fx_devices&quot;:[&quot;desktop&quot;,&quot;tablet&quot;,&quot;mobile&quot;]}\">\n\t\t\t\t\t<div class=\"e-con-inner\">\n\t\t<div class=\"elementor-element elementor-element-195f098 e-con-full e-flex e-con e-child\" data-id=\"195f098\" data-element_type=\"container\" data-settings=\"{&quot;jet_parallax_layout_list&quot;:[]}\">\n\t\t\t\t<div class=\"elementor-element elementor-element-8e152b0 elementor-widget elementor-widget-heading\" data-id=\"8e152b0\" data-element_type=\"widget\" data-widget_type=\"heading.default\">\n\t\t\t\t<div class=\"elementor-widget-container\">\n\t\t\t\t\t<h1 class=\"elementor-heading-title elementor-size-default\">Stakeholders<\/h1>\t\t\t\t<\/div>\n\t\t\t\t<\/div>\n\t\t<div class=\"elementor-element elementor-element-bae52a5 e-flex e-con-boxed e-con e-child\" data-id=\"bae52a5\" data-element_type=\"container\" data-settings=\"{&quot;jet_parallax_layout_list&quot;:[]}\">\n\t\t\t\t\t<div class=\"e-con-inner\">\n\t\t\t\t<div class=\"elementor-element elementor-element-e64b1da elementor-widget elementor-widget-heading\" data-id=\"e64b1da\" data-element_type=\"widget\" data-widget_type=\"heading.default\">\n\t\t\t\t<div class=\"elementor-widget-container\">\n\t\t\t\t\t<div class=\"elementor-heading-title elementor-size-default\"><a href=\"https:\/\/i3com.com.br\/en\">Home<\/a><\/div>\t\t\t\t<\/div>\n\t\t\t\t<\/div>\n\t\t\t\t<div class=\"elementor-element elementor-element-a6839bf elementor-view-default elementor-widget elementor-widget-icon\" data-id=\"a6839bf\" data-element_type=\"widget\" data-widget_type=\"icon.default\">\n\t\t\t\t<div class=\"elementor-widget-container\">\n\t\t\t\t\t\t\t<div class=\"elementor-icon-wrapper\">\n\t\t\t<div class=\"elementor-icon\">\n\t\t\t<svg xmlns=\"http:\/\/www.w3.org\/2000\/svg\" width=\"24\" height=\"24\" viewbox=\"0 0 24 24\" fill=\"none\" stroke=\"currentColor\" stroke-width=\"2\" stroke-linecap=\"round\" stroke-linejoin=\"round\" class=\"feather feather-chevron-right\"><polyline points=\"9 18 15 12 9 6\"><\/polyline><\/svg>\t\t\t<\/div>\n\t\t<\/div>\n\t\t\t\t\t\t<\/div>\n\t\t\t\t<\/div>\n\t\t\t\t<div class=\"elementor-element elementor-element-09b6d69 elementor-widget elementor-widget-heading\" data-id=\"09b6d69\" data-element_type=\"widget\" data-widget_type=\"heading.default\">\n\t\t\t\t<div class=\"elementor-widget-container\">\n\t\t\t\t\t<div class=\"elementor-heading-title elementor-size-default\">Channels<\/div>\t\t\t\t<\/div>\n\t\t\t\t<\/div>\n\t\t\t\t<div class=\"elementor-element elementor-element-04bb4d5 elementor-view-default elementor-widget elementor-widget-icon\" data-id=\"04bb4d5\" data-element_type=\"widget\" data-widget_type=\"icon.default\">\n\t\t\t\t<div class=\"elementor-widget-container\">\n\t\t\t\t\t\t\t<div class=\"elementor-icon-wrapper\">\n\t\t\t<div class=\"elementor-icon\">\n\t\t\t<svg xmlns=\"http:\/\/www.w3.org\/2000\/svg\" width=\"24\" height=\"24\" viewbox=\"0 0 24 24\" fill=\"none\" stroke=\"currentColor\" stroke-width=\"2\" stroke-linecap=\"round\" stroke-linejoin=\"round\" class=\"feather feather-chevron-right\"><polyline points=\"9 18 15 12 9 6\"><\/polyline><\/svg>\t\t\t<\/div>\n\t\t<\/div>\n\t\t\t\t\t\t<\/div>\n\t\t\t\t<\/div>\n\t\t\t\t<div class=\"elementor-element elementor-element-aac7034 elementor-widget elementor-widget-heading\" data-id=\"aac7034\" data-element_type=\"widget\" data-widget_type=\"heading.default\">\n\t\t\t\t<div class=\"elementor-widget-container\">\n\t\t\t\t\t<div class=\"elementor-heading-title elementor-size-default\">Stakeholders<\/div>\t\t\t\t<\/div>\n\t\t\t\t<\/div>\n\t\t\t\t\t<\/div>\n\t\t\t\t<\/div>\n\t\t\t\t<\/div>\n\t\t\t\t\t<\/div>\n\t\t\t\t<\/div>\n\t\t<div class=\"elementor-element elementor-element-b8495b6 e-flex e-con-boxed e-con e-parent\" data-id=\"b8495b6\" data-element_type=\"container\" data-settings=\"{&quot;jet_parallax_layout_list&quot;:[]}\">\n\t\t\t\t\t<div class=\"e-con-inner\">\n\t\t<div class=\"elementor-element elementor-element-5f1fe75 e-con-full elementor-hidden-tablet e-flex e-con e-child\" data-id=\"5f1fe75\" data-element_type=\"container\" data-settings=\"{&quot;jet_parallax_layout_list&quot;:[]}\">\n\t\t\t\t<div class=\"elementor-element elementor-element-5d555b4 elementor-widget elementor-widget-image\" data-id=\"5d555b4\" data-element_type=\"widget\" data-widget_type=\"image.default\">\n\t\t\t\t<div class=\"elementor-widget-container\">\n\t\t\t\t\t\t\t\t\t\t\t\t\t\t\t<img fetchpriority=\"high\" decoding=\"async\" width=\"800\" height=\"1000\" src=\"https:\/\/i3com.com.br\/wp-content\/uploads\/2024\/05\/TS-Scene-08-819x1024.png\" class=\"attachment-large size-large wp-image-9532\" alt=\"\" srcset=\"https:\/\/i3com.com.br\/wp-content\/uploads\/2024\/05\/TS-Scene-08-819x1024.png 819w, https:\/\/i3com.com.br\/wp-content\/uploads\/2024\/05\/TS-Scene-08-240x300.png 240w, https:\/\/i3com.com.br\/wp-content\/uploads\/2024\/05\/TS-Scene-08-768x960.png 768w, https:\/\/i3com.com.br\/wp-content\/uploads\/2024\/05\/TS-Scene-08-480x600.png 480w, https:\/\/i3com.com.br\/wp-content\/uploads\/2024\/05\/TS-Scene-08.png 1080w\" sizes=\"(max-width: 800px) 100vw, 800px\" \/>\t\t\t\t\t\t\t\t\t\t\t\t\t\t\t<\/div>\n\t\t\t\t<\/div>\n\t\t\t\t<\/div>\n\t\t<div class=\"elementor-element elementor-element-45825a1 e-con-full e-flex e-con e-child\" data-id=\"45825a1\" data-element_type=\"container\" data-settings=\"{&quot;jet_parallax_layout_list&quot;:[]}\">\n\t\t<div class=\"elementor-element elementor-element-62f6e09 e-con-full e-flex e-con e-child\" data-id=\"62f6e09\" data-element_type=\"container\" data-settings=\"{&quot;jet_parallax_layout_list&quot;:[]}\">\n\t\t\t\t<div class=\"elementor-element elementor-element-f99777a elementor-widget-tablet__width-inherit elementor-widget-mobile__width-inherit elementor-absolute elementor-widget__width-inherit elementor-hidden-mobile elementor-widget elementor-widget-heading\" data-id=\"f99777a\" data-element_type=\"widget\" data-settings=\"{&quot;_position&quot;:&quot;absolute&quot;}\" data-widget_type=\"heading.default\">\n\t\t\t\t<div class=\"elementor-widget-container\">\n\t\t\t\t\t<div class=\"elementor-heading-title elementor-size-default\">Building<\/div>\t\t\t\t<\/div>\n\t\t\t\t<\/div>\n\t\t\t\t<div class=\"elementor-element elementor-element-34e5935 elementor-widget-tablet__width-inherit elementor-widget elementor-widget-heading\" data-id=\"34e5935\" data-element_type=\"widget\" data-widget_type=\"heading.default\">\n\t\t\t\t<div class=\"elementor-widget-container\">\n\t\t\t\t\t<h2 class=\"elementor-heading-title elementor-size-default\">Lasting Relationships<\/h2>\t\t\t\t<\/div>\n\t\t\t\t<\/div>\n\t\t\t\t<\/div>\n\t\t\t\t<div class=\"elementor-element elementor-element-614be97 elementor-widget elementor-widget-text-editor\" data-id=\"614be97\" data-element_type=\"widget\" data-widget_type=\"text-editor.default\">\n\t\t\t\t<div class=\"elementor-widget-container\">\n\t\t\t\t\t\t\t\t\t<p>A <strong>i3com<\/strong> promotes integrity and transparency in relationships with its <em>Stakeholders<\/em>, by reporting on its organizational structure and administration and economic, financial, social and environmental results achieved.<\/p>\t\t\t\t\t\t\t\t<\/div>\n\t\t\t\t<\/div>\n\t\t\t\t<div class=\"elementor-element elementor-element-c00433f elementor-widget elementor-widget-heading\" data-id=\"c00433f\" data-element_type=\"widget\" data-widget_type=\"heading.default\">\n\t\t\t\t<div class=\"elementor-widget-container\">\n\t\t\t\t\t<h2 class=\"elementor-heading-title elementor-size-default\">About the Restricted Area<\/h2>\t\t\t\t<\/div>\n\t\t\t\t<\/div>\n\t\t\t\t<div class=\"elementor-element elementor-element-7e210a7 elementor-widget elementor-widget-text-editor\" data-id=\"7e210a7\" data-element_type=\"widget\" data-widget_type=\"text-editor.default\">\n\t\t\t\t<div class=\"elementor-widget-container\">\n\t\t\t\t\t\t\t\t\t<p>The Restricted Area of <strong>i3com<\/strong> operates as a private direct communication platform or network, also called Extranet, based on internet protocols, for the exclusive use of the Company and restricted\/exclusive access to <em>Stakeholders<\/em> registered. Depending on the registered user&#039;s level of access permission, it provides protected information, much of it classified as confidential and\/or privileged.<\/p>\t\t\t\t\t\t\t\t<\/div>\n\t\t\t\t<\/div>\n\t\t\t\t<div class=\"elementor-element elementor-element-1b018f8 elementor-widget elementor-widget-heading\" data-id=\"1b018f8\" data-element_type=\"widget\" data-widget_type=\"heading.default\">\n\t\t\t\t<div class=\"elementor-widget-container\">\n\t\t\t\t\t<h2 class=\"elementor-heading-title elementor-size-default\">Restricted Area Request<\/h2>\t\t\t\t<\/div>\n\t\t\t\t<\/div>\n\t\t\t\t<div class=\"elementor-element elementor-element-12af736 elementor-widget elementor-widget-text-editor\" data-id=\"12af736\" data-element_type=\"widget\" data-widget_type=\"text-editor.default\">\n\t\t\t\t<div class=\"elementor-widget-container\">\n\t\t\t\t\t\t\t\t\t<p>Before requesting access to the restricted area of the <strong>i3com<\/strong>, through the direct communication channel available on this Website, we suggest reading the Privacy Policy and General Conditions of Use of the Restricted Area in advance. Using the Restricted Area means that the <em>Stakeholder<\/em> registered person agrees with the published version of this document.<\/p><p>Access the simplified version of <a href=\"#\">Privacy Policy and General Conditions of Use of the Restricted Area<\/a>.<\/p>\t\t\t\t\t\t\t\t<\/div>\n\t\t\t\t<\/div>\n\t\t\t\t<\/div>\n\t\t\t\t\t<\/div>\n\t\t\t\t<\/div>\n\t\t<div class=\"elementor-element elementor-element-bc332ef e-flex e-con-boxed e-con e-parent\" data-id=\"bc332ef\" data-element_type=\"container\" data-settings=\"{&quot;background_background&quot;:&quot;classic&quot;,&quot;jet_parallax_layout_list&quot;:[]}\">\n\t\t\t\t\t<div class=\"e-con-inner\">\n\t\t<div class=\"elementor-element elementor-element-efd72fa e-con-full e-flex e-con e-child\" data-id=\"efd72fa\" data-element_type=\"container\" data-settings=\"{&quot;jet_parallax_layout_list&quot;:[]}\">\n\t\t\t\t<div class=\"elementor-element elementor-element-2f5f920 elementor-widget-tablet__width-inherit elementor-widget-mobile__width-inherit elementor-absolute elementor-widget__width-inherit elementor-widget elementor-widget-heading\" data-id=\"2f5f920\" data-element_type=\"widget\" data-settings=\"{&quot;_position&quot;:&quot;absolute&quot;}\" data-widget_type=\"heading.default\">\n\t\t\t\t<div class=\"elementor-widget-container\">\n\t\t\t\t\t<div class=\"elementor-heading-title elementor-size-default\">ACCESS<\/div>\t\t\t\t<\/div>\n\t\t\t\t<\/div>\n\t\t\t\t<div class=\"elementor-element elementor-element-45fe7d0 elementor-widget-tablet__width-inherit elementor-widget elementor-widget-heading\" data-id=\"45fe7d0\" data-element_type=\"widget\" data-widget_type=\"heading.default\">\n\t\t\t\t<div class=\"elementor-widget-container\">\n\t\t\t\t\t<h2 class=\"elementor-heading-title elementor-size-default\">Restricted area<\/h2>\t\t\t\t<\/div>\n\t\t\t\t<\/div>\n\t\t\t\t<\/div>\n\t\t\t\t<div class=\"elementor-element elementor-element-d022881 elementor-widget elementor-widget-heading\" data-id=\"d022881\" data-element_type=\"widget\" data-widget_type=\"heading.default\">\n\t\t\t\t<div class=\"elementor-widget-container\">\n\t\t\t\t\t<span class=\"elementor-heading-title elementor-size-default\">Choose one of the options below by clicking on the company you are interested in.<\/span>\t\t\t\t<\/div>\n\t\t\t\t<\/div>\n\t\t\t\t<div class=\"elementor-element elementor-element-a487211 elementor-widget__width-auto elementor-widget elementor-widget-html\" data-id=\"a487211\" data-element_type=\"widget\" data-widget_type=\"html.default\">\n\t\t\t\t<div class=\"elementor-widget-container\">\n\t\t\t\t\t<select class=\"mur_form\" onchange=\"this.options[this.selectedIndex].value && (window.location = this.options[this.selectedIndex].value);\">\r\n    <option value=\"\">Select the company<\/option>\r\n    <option value=\"https:\/\/i3com.com.br\/stakeholders\/hub\">i3Com &amp; M\u00eddia LTDA<\/option>\r\n    <option value=\"https:\/\/i3com.com.br\/stakeholders\/sog\">i3Com &amp; M\u00eddia SOG LTDA<\/option>\r\n    <option value=\"https:\/\/i3com.com.br\/stakeholders\/sps\">i3Com &amp; M\u00eddia SPS LTDA<\/option>\r\n    <option value=\"https:\/\/i3com.com.br\/stakeholders\/sjr\">i3Com &amp; M\u00eddia SJR LTDA<\/option>\r\n    <option value=\"https:\/\/i3com.com.br\/stakeholders\/sep\">i3Com &amp; M\u00eddia SEP LTDA<\/option>\r\n    <option value=\"https:\/\/i3com.com.br\/stakeholders\/sgm\">i3Com &amp; M\u00eddia SGM LTDA<\/option>\r\n    <option value=\"https:\/\/i3com.com.br\/stakeholders\/srp\">i3Com &amp; M\u00eddia SRP LTDA<\/option>\r\n    <option value=\"https:\/\/i3com.com.br\/stakeholders\/ssr\">i3Com &amp; M\u00eddia SSR LTDA<\/option>\r\n    <option value=\"https:\/\/i3com.com.br\/stakeholders\/sec\">i3Com &amp; M\u00eddia SEC LTDA<\/option>\r\n<\/select>\r\n\r\n<style>\r\n    .mur_form {\r\n        font-family: helvetica;\r\n        font-size: 14px;\r\n        border: 0px;\r\n        font-variant: normal;\r\n    }\r\n<\/style>\t\t\t\t<\/div>\n\t\t\t\t<\/div>\n\t\t\t\t\t<\/div>\n\t\t\t\t<\/div>\n\t\t\t\t<\/div>","protected":false},"excerpt":{"rendered":"<p>Stakeholders Home Channels Stakeholders Building Lasting Relationships i3com promotes integrity and transparency in relationships with its Stakeholders, by reporting on its organizational structure and management and the economic, financial, social and environmental results achieved. About the Restricted Area The i3com Restricted Area operates as a private direct communication platform or network, [\u2026]<\/p>","protected":false},"author":1,"featured_media":0,"parent":0,"menu_order":0,"comment_status":"closed","ping_status":"closed","template":"","meta":{"footnotes":""},"class_list":["post-9468","page","type-page","status-publish","hentry"],"yoast_head":"<!-- This site is optimized with the Yoast SEO Premium plugin v22.7 (Yoast SEO v27.2) - https:\/\/yoast.com\/product\/yoast-seo-premium-wordpress\/ -->\n<title>Stakeholders &#187; i3com<\/title>\n<meta name=\"robots\" content=\"index, follow, max-snippet:-1, max-image-preview:large, max-video-preview:-1\" \/>\n<link rel=\"canonical\" href=\"https:\/\/i3com.com.br\/en\/stakeholders\/\" \/>\n<meta property=\"og:locale\" content=\"en_US\" \/>\n<meta property=\"og:type\" content=\"article\" \/>\n<meta property=\"og:title\" content=\"Stakeholders\" \/>\n<meta property=\"og:description\" content=\"Stakeholders Home Canais Stakeholders Construindo Relacionamentos Duradouros A i3com promove a integridade e transpar\u00eancia nas rela\u00e7\u00f5es com seus Stakeholders, ao informar de sua estrutura organizacional e sua administra\u00e7\u00e3o e resultados econ\u00f4micos, financeiros, sociais e ambientais alcan\u00e7ados. Sobre a \u00c1rea Restrita A \u00c1rea Restrita da i3com opera como uma plataforma ou rede privada de comunica\u00e7\u00e3o direta, [&hellip;]\" \/>\n<meta property=\"og:url\" content=\"https:\/\/i3com.com.br\/en\/stakeholders\/\" \/>\n<meta property=\"og:site_name\" content=\"i3com\" \/>\n<meta property=\"article:publisher\" content=\"https:\/\/pt-br.facebook.com\/i3commidia\" \/>\n<meta property=\"article:modified_time\" content=\"2024-05-15T19:52:15+00:00\" \/>\n<meta property=\"og:image\" content=\"https:\/\/i3com.com.br\/wp-content\/uploads\/2024\/05\/TS-Scene-08-819x1024.png\" \/>\n<meta name=\"twitter:card\" content=\"summary_large_image\" \/>\n<meta name=\"twitter:site\" content=\"@i3commidia\" \/>\n<meta name=\"twitter:label1\" content=\"Est. reading time\" \/>\n\t<meta name=\"twitter:data1\" content=\"1 minute\" \/>\n<script type=\"application\/ld+json\" class=\"yoast-schema-graph\">{\"@context\":\"https:\/\/schema.org\",\"@graph\":[{\"@type\":\"WebPage\",\"@id\":\"https:\/\/i3com.com.br\/stakeholders\/\",\"url\":\"https:\/\/i3com.com.br\/stakeholders\/\",\"name\":\"Stakeholders &#187; i3com\",\"isPartOf\":{\"@id\":\"https:\/\/i3com.com.br\/#website\"},\"primaryImageOfPage\":{\"@id\":\"https:\/\/i3com.com.br\/stakeholders\/#primaryimage\"},\"image\":{\"@id\":\"https:\/\/i3com.com.br\/stakeholders\/#primaryimage\"},\"thumbnailUrl\":\"https:\/\/i3com.com.br\/wp-content\/uploads\/2024\/05\/TS-Scene-08-819x1024.png\",\"datePublished\":\"2024-05-08T16:53:37+00:00\",\"dateModified\":\"2024-05-15T19:52:15+00:00\",\"breadcrumb\":{\"@id\":\"https:\/\/i3com.com.br\/stakeholders\/#breadcrumb\"},\"inLanguage\":\"en-US\",\"potentialAction\":[{\"@type\":\"ReadAction\",\"target\":[\"https:\/\/i3com.com.br\/stakeholders\/\"]}]},{\"@type\":\"ImageObject\",\"inLanguage\":\"en-US\",\"@id\":\"https:\/\/i3com.com.br\/stakeholders\/#primaryimage\",\"url\":\"https:\/\/i3com.com.br\/wp-content\/uploads\/2024\/05\/TS-Scene-08-819x1024.png\",\"contentUrl\":\"https:\/\/i3com.com.br\/wp-content\/uploads\/2024\/05\/TS-Scene-08-819x1024.png\"},{\"@type\":\"BreadcrumbList\",\"@id\":\"https:\/\/i3com.com.br\/stakeholders\/#breadcrumb\",\"itemListElement\":[{\"@type\":\"ListItem\",\"position\":1,\"name\":\"In\u00edcio\",\"item\":\"https:\/\/i3com.com.br\/\"},{\"@type\":\"ListItem\",\"position\":2,\"name\":\"Stakeholders\"}]},{\"@type\":\"WebSite\",\"@id\":\"https:\/\/i3com.com.br\/#website\",\"url\":\"https:\/\/i3com.com.br\/\",\"name\":\"i3com\",\"description\":\"Intelig\u00eancia Inspira o Infinito\",\"publisher\":{\"@id\":\"https:\/\/i3com.com.br\/#organization\"},\"potentialAction\":[{\"@type\":\"SearchAction\",\"target\":{\"@type\":\"EntryPoint\",\"urlTemplate\":\"https:\/\/i3com.com.br\/?s={search_term_string}\"},\"query-input\":{\"@type\":\"PropertyValueSpecification\",\"valueRequired\":true,\"valueName\":\"search_term_string\"}}],\"inLanguage\":\"en-US\"},{\"@type\":\"Organization\",\"@id\":\"https:\/\/i3com.com.br\/#organization\",\"name\":\"i3com\",\"alternateName\":\"i3\",\"url\":\"https:\/\/i3com.com.br\/\",\"logo\":{\"@type\":\"ImageObject\",\"inLanguage\":\"en-US\",\"@id\":\"https:\/\/i3com.com.br\/#\/schema\/logo\/image\/\",\"url\":\"https:\/\/i3com.com.br\/wp-content\/uploads\/2023\/06\/Favicon.png\",\"contentUrl\":\"https:\/\/i3com.com.br\/wp-content\/uploads\/2023\/06\/Favicon.png\",\"width\":500,\"height\":500,\"caption\":\"i3com\"},\"image\":{\"@id\":\"https:\/\/i3com.com.br\/#\/schema\/logo\/image\/\"},\"sameAs\":[\"https:\/\/pt-br.facebook.com\/i3commidia\",\"https:\/\/x.com\/i3commidia\"],\"description\":\"Nossa expertise abrange solu\u00e7\u00f5es de branding, comunica\u00e7\u00e3o e neg\u00f3cios, desenvolvidas para impactar, conectar e fidelizar clientes em ciclos de relacionamento.\",\"email\":\"contato@i3com.com.br\",\"legalName\":\"i3com M\u00eddia & Comunica\u00e7\u00e3o\",\"publishingPrinciples\":\"https:\/\/i3com.com.br\/sintese-da-politica-de-privacidade-e-condicoes-gerais-de-uso-da-area-restrita\/\"}]}<\/script>\n<!-- \/ Yoast SEO Premium plugin. -->","yoast_head_json":{"title":"Stakeholders &#187; i3com","robots":{"index":"index","follow":"follow","max-snippet":"max-snippet:-1","max-image-preview":"max-image-preview:large","max-video-preview":"max-video-preview:-1"},"canonical":"https:\/\/i3com.com.br\/en\/stakeholders\/","og_locale":"en_US","og_type":"article","og_title":"Stakeholders","og_description":"Stakeholders Home Canais Stakeholders Construindo Relacionamentos Duradouros A i3com promove a integridade e transpar\u00eancia nas rela\u00e7\u00f5es com seus Stakeholders, ao informar de sua estrutura organizacional e sua administra\u00e7\u00e3o e resultados econ\u00f4micos, financeiros, sociais e ambientais alcan\u00e7ados. Sobre a \u00c1rea Restrita A \u00c1rea Restrita da i3com opera como uma plataforma ou rede privada de comunica\u00e7\u00e3o direta, [&hellip;]","og_url":"https:\/\/i3com.com.br\/en\/stakeholders\/","og_site_name":"i3com","article_publisher":"https:\/\/pt-br.facebook.com\/i3commidia","article_modified_time":"2024-05-15T19:52:15+00:00","og_image":[{"url":"https:\/\/i3com.com.br\/wp-content\/uploads\/2024\/05\/TS-Scene-08-819x1024.png","type":"","width":"","height":""}],"twitter_card":"summary_large_image","twitter_site":"@i3commidia","twitter_misc":{"Est. reading time":"1 minute"},"schema":{"@context":"https:\/\/schema.org","@graph":[{"@type":"WebPage","@id":"https:\/\/i3com.com.br\/stakeholders\/","url":"https:\/\/i3com.com.br\/stakeholders\/","name":"Stakeholders &#187; i3com","isPartOf":{"@id":"https:\/\/i3com.com.br\/#website"},"primaryImageOfPage":{"@id":"https:\/\/i3com.com.br\/stakeholders\/#primaryimage"},"image":{"@id":"https:\/\/i3com.com.br\/stakeholders\/#primaryimage"},"thumbnailUrl":"https:\/\/i3com.com.br\/wp-content\/uploads\/2024\/05\/TS-Scene-08-819x1024.png","datePublished":"2024-05-08T16:53:37+00:00","dateModified":"2024-05-15T19:52:15+00:00","breadcrumb":{"@id":"https:\/\/i3com.com.br\/stakeholders\/#breadcrumb"},"inLanguage":"en-US","potentialAction":[{"@type":"ReadAction","target":["https:\/\/i3com.com.br\/stakeholders\/"]}]},{"@type":"ImageObject","inLanguage":"en-US","@id":"https:\/\/i3com.com.br\/stakeholders\/#primaryimage","url":"https:\/\/i3com.com.br\/wp-content\/uploads\/2024\/05\/TS-Scene-08-819x1024.png","contentUrl":"https:\/\/i3com.com.br\/wp-content\/uploads\/2024\/05\/TS-Scene-08-819x1024.png"},{"@type":"BreadcrumbList","@id":"https:\/\/i3com.com.br\/stakeholders\/#breadcrumb","itemListElement":[{"@type":"ListItem","position":1,"name":"In\u00edcio","item":"https:\/\/i3com.com.br\/"},{"@type":"ListItem","position":2,"name":"Stakeholders"}]},{"@type":"WebSite","@id":"https:\/\/i3com.com.br\/#website","url":"https:\/\/i3com.com.br\/","name":"i3com","description":"Intelig\u00eancia Inspira o Infinito","publisher":{"@id":"https:\/\/i3com.com.br\/#organization"},"potentialAction":[{"@type":"SearchAction","target":{"@type":"EntryPoint","urlTemplate":"https:\/\/i3com.com.br\/?s={search_term_string}"},"query-input":{"@type":"PropertyValueSpecification","valueRequired":true,"valueName":"search_term_string"}}],"inLanguage":"en-US"},{"@type":"Organization","@id":"https:\/\/i3com.com.br\/#organization","name":"i3com","alternateName":"i3","url":"https:\/\/i3com.com.br\/","logo":{"@type":"ImageObject","inLanguage":"en-US","@id":"https:\/\/i3com.com.br\/#\/schema\/logo\/image\/","url":"https:\/\/i3com.com.br\/wp-content\/uploads\/2023\/06\/Favicon.png","contentUrl":"https:\/\/i3com.com.br\/wp-content\/uploads\/2023\/06\/Favicon.png","width":500,"height":500,"caption":"i3com"},"image":{"@id":"https:\/\/i3com.com.br\/#\/schema\/logo\/image\/"},"sameAs":["https:\/\/pt-br.facebook.com\/i3commidia","https:\/\/x.com\/i3commidia"],"description":"Nossa expertise abrange solu\u00e7\u00f5es de branding, comunica\u00e7\u00e3o e neg\u00f3cios, desenvolvidas para impactar, conectar e fidelizar clientes em ciclos de relacionamento.","email":"contato@i3com.com.br","legalName":"i3com M\u00eddia & Comunica\u00e7\u00e3o","publishingPrinciples":"https:\/\/i3com.com.br\/sintese-da-politica-de-privacidade-e-condicoes-gerais-de-uso-da-area-restrita\/"}]}},"_links":{"self":[{"href":"https:\/\/i3com.com.br\/en\/wp-json\/wp\/v2\/pages\/9468","targetHints":{"allow":["GET"]}}],"collection":[{"href":"https:\/\/i3com.com.br\/en\/wp-json\/wp\/v2\/pages"}],"about":[{"href":"https:\/\/i3com.com.br\/en\/wp-json\/wp\/v2\/types\/page"}],"author":[{"embeddable":true,"href":"https:\/\/i3com.com.br\/en\/wp-json\/wp\/v2\/users\/1"}],"replies":[{"embeddable":true,"href":"https:\/\/i3com.com.br\/en\/wp-json\/wp\/v2\/comments?post=9468"}],"version-history":[{"count":0,"href":"https:\/\/i3com.com.br\/en\/wp-json\/wp\/v2\/pages\/9468\/revisions"}],"wp:attachment":[{"href":"https:\/\/i3com.com.br\/en\/wp-json\/wp\/v2\/media?parent=9468"}],"curies":[{"name":"wp","href":"https:\/\/api.w.org\/{rel}","templated":true}]}}