{"id":9017,"date":"2024-05-07T11:15:11","date_gmt":"2024-05-07T15:15:11","guid":{"rendered":"https:\/\/i3com.com.br\/?page_id=9017"},"modified":"2024-07-11T08:19:31","modified_gmt":"2024-07-11T12:19:31","slug":"fazendo-historia","status":"publish","type":"page","link":"https:\/\/i3com.com.br\/en\/making-history\/","title":{"rendered":"Making history"},"content":{"rendered":"<div data-elementor-type=\"wp-page\" data-elementor-id=\"9017\" class=\"elementor elementor-9017\" data-elementor-post-type=\"page\">\n\t\t\t\t<div class=\"elementor-element elementor-element-59e40d2 kenimage e-flex e-con-boxed e-con e-parent\" data-id=\"59e40d2\" data-element_type=\"container\" data-settings=\"{&quot;background_background&quot;:&quot;classic&quot;,&quot;jet_parallax_layout_list&quot;:[],&quot;background_motion_fx_scale_speed&quot;:{&quot;unit&quot;:&quot;px&quot;,&quot;size&quot;:3,&quot;sizes&quot;:[]},&quot;background_motion_fx_scale_range&quot;:{&quot;unit&quot;:&quot;%&quot;,&quot;size&quot;:&quot;&quot;,&quot;sizes&quot;:{&quot;start&quot;:0,&quot;end&quot;:100}},&quot;background_motion_fx_motion_fx_scrolling&quot;:&quot;yes&quot;,&quot;background_motion_fx_scale_effect&quot;:&quot;yes&quot;,&quot;background_motion_fx_scale_direction&quot;:&quot;out-in&quot;,&quot;background_motion_fx_devices&quot;:[&quot;desktop&quot;,&quot;tablet&quot;,&quot;mobile&quot;]}\">\n\t\t\t\t\t<div class=\"e-con-inner\">\n\t\t<div class=\"elementor-element elementor-element-9c0f993 e-con-full e-flex e-con e-child\" data-id=\"9c0f993\" data-element_type=\"container\" data-settings=\"{&quot;jet_parallax_layout_list&quot;:[]}\">\n\t\t\t\t<div class=\"elementor-element elementor-element-8847b29 elementor-widget elementor-widget-heading\" data-id=\"8847b29\" data-element_type=\"widget\" data-widget_type=\"heading.default\">\n\t\t\t\t<div class=\"elementor-widget-container\">\n\t\t\t\t\t<h1 class=\"elementor-heading-title elementor-size-default\">Making history <\/h1>\t\t\t\t<\/div>\n\t\t\t\t<\/div>\n\t\t<div class=\"elementor-element elementor-element-69143cf e-flex e-con-boxed e-con e-child\" data-id=\"69143cf\" data-element_type=\"container\" data-settings=\"{&quot;jet_parallax_layout_list&quot;:[]}\">\n\t\t\t\t\t<div class=\"e-con-inner\">\n\t\t\t\t<div class=\"elementor-element elementor-element-882194d elementor-widget elementor-widget-heading\" data-id=\"882194d\" data-element_type=\"widget\" data-widget_type=\"heading.default\">\n\t\t\t\t<div class=\"elementor-widget-container\">\n\t\t\t\t\t<div class=\"elementor-heading-title elementor-size-default\"><a href=\"https:\/\/i3com.com.br\/en\">Home<\/a><\/div>\t\t\t\t<\/div>\n\t\t\t\t<\/div>\n\t\t\t\t<div class=\"elementor-element elementor-element-5f78b97 elementor-view-default elementor-widget elementor-widget-icon\" data-id=\"5f78b97\" data-element_type=\"widget\" data-widget_type=\"icon.default\">\n\t\t\t\t<div class=\"elementor-widget-container\">\n\t\t\t\t\t\t\t<div class=\"elementor-icon-wrapper\">\n\t\t\t<div class=\"elementor-icon\">\n\t\t\t<svg xmlns=\"http:\/\/www.w3.org\/2000\/svg\" width=\"24\" height=\"24\" viewbox=\"0 0 24 24\" fill=\"none\" stroke=\"currentColor\" stroke-width=\"2\" stroke-linecap=\"round\" stroke-linejoin=\"round\" class=\"feather feather-chevron-right\"><polyline points=\"9 18 15 12 9 6\"><\/polyline><\/svg>\t\t\t<\/div>\n\t\t<\/div>\n\t\t\t\t\t\t<\/div>\n\t\t\t\t<\/div>\n\t\t\t\t<div class=\"elementor-element elementor-element-1c391f9 elementor-widget elementor-widget-heading\" data-id=\"1c391f9\" data-element_type=\"widget\" data-widget_type=\"heading.default\">\n\t\t\t\t<div class=\"elementor-widget-container\">\n\t\t\t\t\t<div class=\"elementor-heading-title elementor-size-default\">Institutional<\/div>\t\t\t\t<\/div>\n\t\t\t\t<\/div>\n\t\t\t\t<div class=\"elementor-element elementor-element-99e48fb elementor-view-default elementor-widget elementor-widget-icon\" data-id=\"99e48fb\" data-element_type=\"widget\" data-widget_type=\"icon.default\">\n\t\t\t\t<div class=\"elementor-widget-container\">\n\t\t\t\t\t\t\t<div class=\"elementor-icon-wrapper\">\n\t\t\t<div class=\"elementor-icon\">\n\t\t\t<svg xmlns=\"http:\/\/www.w3.org\/2000\/svg\" width=\"24\" height=\"24\" viewbox=\"0 0 24 24\" fill=\"none\" stroke=\"currentColor\" stroke-width=\"2\" stroke-linecap=\"round\" stroke-linejoin=\"round\" class=\"feather feather-chevron-right\"><polyline points=\"9 18 15 12 9 6\"><\/polyline><\/svg>\t\t\t<\/div>\n\t\t<\/div>\n\t\t\t\t\t\t<\/div>\n\t\t\t\t<\/div>\n\t\t\t\t<div class=\"elementor-element elementor-element-d5d5a8a elementor-widget elementor-widget-heading\" data-id=\"d5d5a8a\" data-element_type=\"widget\" data-widget_type=\"heading.default\">\n\t\t\t\t<div class=\"elementor-widget-container\">\n\t\t\t\t\t<div class=\"elementor-heading-title elementor-size-default\">Making history <\/div>\t\t\t\t<\/div>\n\t\t\t\t<\/div>\n\t\t\t\t\t<\/div>\n\t\t\t\t<\/div>\n\t\t\t\t<\/div>\n\t\t\t\t\t<\/div>\n\t\t\t\t<\/div>\n\t\t<div class=\"elementor-element elementor-element-f2f3b69 e-flex e-con-boxed e-con e-parent\" data-id=\"f2f3b69\" data-element_type=\"container\" data-settings=\"{&quot;jet_parallax_layout_list&quot;:[]}\">\n\t\t\t\t\t<div class=\"e-con-inner\">\n\t\t<div class=\"elementor-element elementor-element-eed3630 e-con-full e-flex e-con e-child\" data-id=\"eed3630\" data-element_type=\"container\" data-settings=\"{&quot;jet_parallax_layout_list&quot;:[]}\">\n\t\t\t\t<div class=\"elementor-element elementor-element-e696780 elementor-widget elementor-widget-image\" data-id=\"e696780\" data-element_type=\"widget\" data-widget_type=\"image.default\">\n\t\t\t\t<div class=\"elementor-widget-container\">\n\t\t\t\t\t\t\t\t\t\t\t\t\t\t\t<img fetchpriority=\"high\" decoding=\"async\" width=\"1080\" height=\"1350\" src=\"https:\/\/i3com.com.br\/wp-content\/uploads\/2024\/05\/TS-Scene-01.png\" class=\"attachment-full size-full wp-image-9018\" alt=\"\" srcset=\"https:\/\/i3com.com.br\/wp-content\/uploads\/2024\/05\/TS-Scene-01.png 1080w, https:\/\/i3com.com.br\/wp-content\/uploads\/2024\/05\/TS-Scene-01-240x300.png 240w, https:\/\/i3com.com.br\/wp-content\/uploads\/2024\/05\/TS-Scene-01-819x1024.png 819w, https:\/\/i3com.com.br\/wp-content\/uploads\/2024\/05\/TS-Scene-01-768x960.png 768w, https:\/\/i3com.com.br\/wp-content\/uploads\/2024\/05\/TS-Scene-01-480x600.png 480w\" sizes=\"(max-width: 1080px) 100vw, 1080px\" \/>\t\t\t\t\t\t\t\t\t\t\t\t\t\t\t<\/div>\n\t\t\t\t<\/div>\n\t\t\t\t<\/div>\n\t\t<div class=\"elementor-element elementor-element-4e79953 e-con-full e-flex e-con e-child\" data-id=\"4e79953\" data-element_type=\"container\" data-settings=\"{&quot;jet_parallax_layout_list&quot;:[]}\">\n\t\t<div class=\"elementor-element elementor-element-ffe1f66 e-con-full e-flex e-con e-child\" data-id=\"ffe1f66\" data-element_type=\"container\" data-settings=\"{&quot;jet_parallax_layout_list&quot;:[]}\">\n\t\t\t\t<div class=\"elementor-element elementor-element-c626057 elementor-widget-tablet__width-inherit elementor-widget-mobile__width-inherit elementor-absolute elementor-widget elementor-widget-heading\" data-id=\"c626057\" data-element_type=\"widget\" data-settings=\"{&quot;_position&quot;:&quot;absolute&quot;}\" data-widget_type=\"heading.default\">\n\t\t\t\t<div class=\"elementor-widget-container\">\n\t\t\t\t\t<div class=\"elementor-heading-title elementor-size-default\">Authentic <\/br>and Memorable<\/div>\t\t\t\t<\/div>\n\t\t\t\t<\/div>\n\t\t\t\t<div class=\"elementor-element elementor-element-56a78ad elementor-widget elementor-widget-heading\" data-id=\"56a78ad\" data-element_type=\"widget\" data-widget_type=\"heading.default\">\n\t\t\t\t<div class=\"elementor-widget-container\">\n\t\t\t\t\t<h2 class=\"elementor-heading-title elementor-size-default\">Brand <\/h2>\t\t\t\t<\/div>\n\t\t\t\t<\/div>\n\t\t\t\t<\/div>\n\t\t\t\t<div class=\"elementor-element elementor-element-4b5b908 elementor-widget elementor-widget-text-editor\" data-id=\"4b5b908\" data-element_type=\"widget\" data-widget_type=\"text-editor.default\">\n\t\t\t\t<div class=\"elementor-widget-container\">\n\t\t\t\t\t\t\t\t\t<p>In the imposing journey of the business world, in which visionary strategies are intertwined with the incessant search for generating value, a brand emerges that transcends the boundaries of conventionality: <strong>i3com<\/strong>.<\/p><p>A <strong>i3com<\/strong> represents the understanding that communication is an evolutionary process, built on value cycles with its audience, which is based on the interaction between <strong>Inspiration and Innovation, Creativity and Originality, Technology and Intelligence.<\/strong><\/p><p>The brand <strong>i3com<\/strong> represents the power of its methodology in communication, which originates internally and reverberates outward, driven by excellence and attraction to the new.<\/p><p>The subtlety of its accentuation \u201c<strong>i3com<\/strong>&#039;&#039; represents the pillars of the proprietary methodology \u201c<strong><em>Intelligence Inspires Infinity<\/em><\/strong>\u201d, materialized in the alignment of the <strong>Brand, Communication <\/strong>It is<strong> Business<\/strong>, in all its shapes and dimensions.<\/p>\t\t\t\t\t\t\t\t<\/div>\n\t\t\t\t<\/div>\n\t\t\t\t<\/div>\n\t\t\t\t\t<\/div>\n\t\t\t\t<\/div>\n\t\t<div class=\"elementor-element elementor-element-cf73a64 e-flex e-con-boxed e-con e-parent\" data-id=\"cf73a64\" data-element_type=\"container\" data-settings=\"{&quot;jet_parallax_layout_list&quot;:[]}\">\n\t\t\t\t\t<div class=\"e-con-inner\">\n\t\t<div class=\"elementor-element elementor-element-e9dbe1e e-con-full e-flex e-con e-child\" data-id=\"e9dbe1e\" data-element_type=\"container\" data-settings=\"{&quot;jet_parallax_layout_list&quot;:[]}\">\n\t\t<div class=\"elementor-element elementor-element-b4129dd e-con-full e-flex e-con e-child\" data-id=\"b4129dd\" data-element_type=\"container\" data-settings=\"{&quot;jet_parallax_layout_list&quot;:[]}\">\n\t\t\t\t<div class=\"elementor-element elementor-element-f30e555 elementor-widget-tablet__width-inherit elementor-widget-mobile__width-inherit elementor-absolute elementor-widget elementor-widget-heading\" data-id=\"f30e555\" data-element_type=\"widget\" data-settings=\"{&quot;_position&quot;:&quot;absolute&quot;}\" data-widget_type=\"heading.default\">\n\t\t\t\t<div class=\"elementor-widget-container\">\n\t\t\t\t\t<div class=\"elementor-heading-title elementor-size-default\">Journey<\/br>visionary<\/div>\t\t\t\t<\/div>\n\t\t\t\t<\/div>\n\t\t\t\t<div class=\"elementor-element elementor-element-8644158 elementor-widget elementor-widget-heading\" data-id=\"8644158\" data-element_type=\"widget\" data-widget_type=\"heading.default\">\n\t\t\t\t<div class=\"elementor-widget-container\">\n\t\t\t\t\t<h2 class=\"elementor-heading-title elementor-size-default\">Achievements and Achievements<\/h2>\t\t\t\t<\/div>\n\t\t\t\t<\/div>\n\t\t\t\t<\/div>\n\t\t\t\t<div class=\"elementor-element elementor-element-e98d2f0 elementor-widget elementor-widget-text-editor\" data-id=\"e98d2f0\" data-element_type=\"widget\" data-widget_type=\"text-editor.default\">\n\t\t\t\t<div class=\"elementor-widget-container\">\n\t\t\t\t\t\t\t\t\t<p>A <strong>i3com<\/strong> goes beyond being a media and communications company <em>Full Service<\/em> aimed at the corporate market, by dictating trends, attracting and influencing people, consolidating the visionary in the form of brand, communication and business.<\/p><p>With a creative and innovative look, market intelligence and strategic vision, <strong>i3com<\/strong> positions itself as guardian of the brands it represents, instilling admiration and desire for the values they express. Its experts deeply explore partner organizations, tracing the paths that guide and boost the results and success of each brand, providing them with the generation of sustainable and shared value.<\/p><p>A <strong>i3com<\/strong> represents the ideal in which intelligence is the energy that fuels inspiration, triggering an infinite cycle of achievements and achievements. With the ability to see beyond the horizon, it explores new territories, shaping the future of organizations that have the clarity to walk alongside the brand, when defining the success of its communication.<\/p><p>When entering the universe of communication solutions at <strong>i3com<\/strong>, the mission and vision of our clients expands as they experience unimaginable achievements for their business, transforming them into a true success story.<\/p>\t\t\t\t\t\t\t\t<\/div>\n\t\t\t\t<\/div>\n\t\t\t\t<\/div>\n\t\t<div class=\"elementor-element elementor-element-b3dce7c e-con-full e-flex e-con e-child\" data-id=\"b3dce7c\" data-element_type=\"container\" data-settings=\"{&quot;jet_parallax_layout_list&quot;:[]}\">\n\t\t\t\t<div class=\"elementor-element elementor-element-ac57d7a elementor-widget elementor-widget-image\" data-id=\"ac57d7a\" data-element_type=\"widget\" data-widget_type=\"image.default\">\n\t\t\t\t<div class=\"elementor-widget-container\">\n\t\t\t\t\t\t\t\t\t\t\t\t\t\t\t<img decoding=\"async\" width=\"1080\" height=\"1350\" src=\"https:\/\/i3com.com.br\/wp-content\/uploads\/2024\/05\/TS-Scene-03.png\" class=\"attachment-full size-full wp-image-9341\" alt=\"\" srcset=\"https:\/\/i3com.com.br\/wp-content\/uploads\/2024\/05\/TS-Scene-03.png 1080w, https:\/\/i3com.com.br\/wp-content\/uploads\/2024\/05\/TS-Scene-03-240x300.png 240w, https:\/\/i3com.com.br\/wp-content\/uploads\/2024\/05\/TS-Scene-03-819x1024.png 819w, https:\/\/i3com.com.br\/wp-content\/uploads\/2024\/05\/TS-Scene-03-768x960.png 768w, https:\/\/i3com.com.br\/wp-content\/uploads\/2024\/05\/TS-Scene-03-480x600.png 480w\" sizes=\"(max-width: 1080px) 100vw, 1080px\" \/>\t\t\t\t\t\t\t\t\t\t\t\t\t\t\t<\/div>\n\t\t\t\t<\/div>\n\t\t\t\t<\/div>\n\t\t\t\t\t<\/div>\n\t\t\t\t<\/div>\n\t\t\t\t<\/div>","protected":false},"excerpt":{"rendered":"<p>Making History Institutional Home Making History Authentic and Memorable Brand In the imposing journey of the business world, in which visionary strategies intertwine with the incessant search for generating value, a brand emerges that transcends conventional boundaries: i3com. i3com represents the understanding that communication is an evolutionary process, built [\u2026]<\/p>","protected":false},"author":1,"featured_media":0,"parent":0,"menu_order":0,"comment_status":"closed","ping_status":"closed","template":"","meta":{"footnotes":""},"class_list":["post-9017","page","type-page","status-publish","hentry"],"yoast_head":"<!-- This site is optimized with the Yoast SEO Premium plugin v22.7 (Yoast SEO v27.2) - https:\/\/yoast.com\/product\/yoast-seo-premium-wordpress\/ -->\n<title>Fazendo Hist\u00f3ria &#187; i3com<\/title>\n<meta name=\"robots\" content=\"index, follow, max-snippet:-1, max-image-preview:large, max-video-preview:-1\" \/>\n<link rel=\"canonical\" href=\"https:\/\/i3com.com.br\/en\/making-history\/\" \/>\n<meta property=\"og:locale\" content=\"en_US\" \/>\n<meta property=\"og:type\" content=\"article\" \/>\n<meta property=\"og:title\" content=\"Fazendo Hist\u00f3ria\" \/>\n<meta property=\"og:description\" content=\"Fazendo Hist\u00f3ria Home Institucional Fazendo Hist\u00f3ria Aut\u00eantica e Memor\u00e1vel Marca Na imponente jornada do mundo dos neg\u00f3cios, em que estrat\u00e9gias vision\u00e1rias se entrela\u00e7am com a busca incessante pela gera\u00e7\u00e3o de valor, surge a marca que transcende as fronteiras do convencional: a i3com. A i3com representa a compreens\u00e3o que a comunica\u00e7\u00e3o \u00e9 um processo evolutivo, constru\u00edda [&hellip;]\" \/>\n<meta property=\"og:url\" content=\"https:\/\/i3com.com.br\/en\/making-history\/\" \/>\n<meta property=\"og:site_name\" content=\"i3com\" \/>\n<meta property=\"article:publisher\" content=\"https:\/\/pt-br.facebook.com\/i3commidia\" \/>\n<meta property=\"article:modified_time\" content=\"2024-07-11T12:19:31+00:00\" \/>\n<meta property=\"og:image\" content=\"https:\/\/i3com.com.br\/wp-content\/uploads\/2024\/05\/TS-Scene-01.png\" \/>\n<meta name=\"twitter:card\" content=\"summary_large_image\" \/>\n<meta name=\"twitter:site\" content=\"@i3commidia\" \/>\n<meta name=\"twitter:label1\" content=\"Est. reading time\" \/>\n\t<meta name=\"twitter:data1\" content=\"3 minutes\" \/>\n<script type=\"application\/ld+json\" class=\"yoast-schema-graph\">{\"@context\":\"https:\/\/schema.org\",\"@graph\":[{\"@type\":\"WebPage\",\"@id\":\"https:\/\/i3com.com.br\/fazendo-historia\/\",\"url\":\"https:\/\/i3com.com.br\/fazendo-historia\/\",\"name\":\"Fazendo Hist\u00f3ria &#187; i3com\",\"isPartOf\":{\"@id\":\"https:\/\/i3com.com.br\/#website\"},\"primaryImageOfPage\":{\"@id\":\"https:\/\/i3com.com.br\/fazendo-historia\/#primaryimage\"},\"image\":{\"@id\":\"https:\/\/i3com.com.br\/fazendo-historia\/#primaryimage\"},\"thumbnailUrl\":\"https:\/\/i3com.com.br\/wp-content\/uploads\/2024\/05\/TS-Scene-01.png\",\"datePublished\":\"2024-05-07T15:15:11+00:00\",\"dateModified\":\"2024-07-11T12:19:31+00:00\",\"breadcrumb\":{\"@id\":\"https:\/\/i3com.com.br\/fazendo-historia\/#breadcrumb\"},\"inLanguage\":\"en-US\",\"potentialAction\":[{\"@type\":\"ReadAction\",\"target\":[\"https:\/\/i3com.com.br\/fazendo-historia\/\"]}]},{\"@type\":\"ImageObject\",\"inLanguage\":\"en-US\",\"@id\":\"https:\/\/i3com.com.br\/fazendo-historia\/#primaryimage\",\"url\":\"https:\/\/i3com.com.br\/wp-content\/uploads\/2024\/05\/TS-Scene-01.png\",\"contentUrl\":\"https:\/\/i3com.com.br\/wp-content\/uploads\/2024\/05\/TS-Scene-01.png\"},{\"@type\":\"BreadcrumbList\",\"@id\":\"https:\/\/i3com.com.br\/fazendo-historia\/#breadcrumb\",\"itemListElement\":[{\"@type\":\"ListItem\",\"position\":1,\"name\":\"In\u00edcio\",\"item\":\"https:\/\/i3com.com.br\/\"},{\"@type\":\"ListItem\",\"position\":2,\"name\":\"Fazendo Hist\u00f3ria\"}]},{\"@type\":\"WebSite\",\"@id\":\"https:\/\/i3com.com.br\/#website\",\"url\":\"https:\/\/i3com.com.br\/\",\"name\":\"i3com\",\"description\":\"Intelig\u00eancia Inspira o Infinito\",\"publisher\":{\"@id\":\"https:\/\/i3com.com.br\/#organization\"},\"potentialAction\":[{\"@type\":\"SearchAction\",\"target\":{\"@type\":\"EntryPoint\",\"urlTemplate\":\"https:\/\/i3com.com.br\/?s={search_term_string}\"},\"query-input\":{\"@type\":\"PropertyValueSpecification\",\"valueRequired\":true,\"valueName\":\"search_term_string\"}}],\"inLanguage\":\"en-US\"},{\"@type\":\"Organization\",\"@id\":\"https:\/\/i3com.com.br\/#organization\",\"name\":\"i3com\",\"alternateName\":\"i3\",\"url\":\"https:\/\/i3com.com.br\/\",\"logo\":{\"@type\":\"ImageObject\",\"inLanguage\":\"en-US\",\"@id\":\"https:\/\/i3com.com.br\/#\/schema\/logo\/image\/\",\"url\":\"https:\/\/i3com.com.br\/wp-content\/uploads\/2023\/06\/Favicon.png\",\"contentUrl\":\"https:\/\/i3com.com.br\/wp-content\/uploads\/2023\/06\/Favicon.png\",\"width\":500,\"height\":500,\"caption\":\"i3com\"},\"image\":{\"@id\":\"https:\/\/i3com.com.br\/#\/schema\/logo\/image\/\"},\"sameAs\":[\"https:\/\/pt-br.facebook.com\/i3commidia\",\"https:\/\/x.com\/i3commidia\"],\"description\":\"Nossa expertise abrange solu\u00e7\u00f5es de branding, comunica\u00e7\u00e3o e neg\u00f3cios, desenvolvidas para impactar, conectar e fidelizar clientes em ciclos de relacionamento.\",\"email\":\"contato@i3com.com.br\",\"legalName\":\"i3com M\u00eddia & Comunica\u00e7\u00e3o\",\"publishingPrinciples\":\"https:\/\/i3com.com.br\/sintese-da-politica-de-privacidade-e-condicoes-gerais-de-uso-da-area-restrita\/\"}]}<\/script>\n<!-- \/ Yoast SEO Premium plugin. -->","yoast_head_json":{"title":"Fazendo Hist\u00f3ria &#187; i3com","robots":{"index":"index","follow":"follow","max-snippet":"max-snippet:-1","max-image-preview":"max-image-preview:large","max-video-preview":"max-video-preview:-1"},"canonical":"https:\/\/i3com.com.br\/en\/making-history\/","og_locale":"en_US","og_type":"article","og_title":"Fazendo Hist\u00f3ria","og_description":"Fazendo Hist\u00f3ria Home Institucional Fazendo Hist\u00f3ria Aut\u00eantica e Memor\u00e1vel Marca Na imponente jornada do mundo dos neg\u00f3cios, em que estrat\u00e9gias vision\u00e1rias se entrela\u00e7am com a busca incessante pela gera\u00e7\u00e3o de valor, surge a marca que transcende as fronteiras do convencional: a i3com. A i3com representa a compreens\u00e3o que a comunica\u00e7\u00e3o \u00e9 um processo evolutivo, constru\u00edda [&hellip;]","og_url":"https:\/\/i3com.com.br\/en\/making-history\/","og_site_name":"i3com","article_publisher":"https:\/\/pt-br.facebook.com\/i3commidia","article_modified_time":"2024-07-11T12:19:31+00:00","og_image":[{"url":"https:\/\/i3com.com.br\/wp-content\/uploads\/2024\/05\/TS-Scene-01.png","type":"","width":"","height":""}],"twitter_card":"summary_large_image","twitter_site":"@i3commidia","twitter_misc":{"Est. reading time":"3 minutes"},"schema":{"@context":"https:\/\/schema.org","@graph":[{"@type":"WebPage","@id":"https:\/\/i3com.com.br\/fazendo-historia\/","url":"https:\/\/i3com.com.br\/fazendo-historia\/","name":"Fazendo Hist\u00f3ria &#187; i3com","isPartOf":{"@id":"https:\/\/i3com.com.br\/#website"},"primaryImageOfPage":{"@id":"https:\/\/i3com.com.br\/fazendo-historia\/#primaryimage"},"image":{"@id":"https:\/\/i3com.com.br\/fazendo-historia\/#primaryimage"},"thumbnailUrl":"https:\/\/i3com.com.br\/wp-content\/uploads\/2024\/05\/TS-Scene-01.png","datePublished":"2024-05-07T15:15:11+00:00","dateModified":"2024-07-11T12:19:31+00:00","breadcrumb":{"@id":"https:\/\/i3com.com.br\/fazendo-historia\/#breadcrumb"},"inLanguage":"en-US","potentialAction":[{"@type":"ReadAction","target":["https:\/\/i3com.com.br\/fazendo-historia\/"]}]},{"@type":"ImageObject","inLanguage":"en-US","@id":"https:\/\/i3com.com.br\/fazendo-historia\/#primaryimage","url":"https:\/\/i3com.com.br\/wp-content\/uploads\/2024\/05\/TS-Scene-01.png","contentUrl":"https:\/\/i3com.com.br\/wp-content\/uploads\/2024\/05\/TS-Scene-01.png"},{"@type":"BreadcrumbList","@id":"https:\/\/i3com.com.br\/fazendo-historia\/#breadcrumb","itemListElement":[{"@type":"ListItem","position":1,"name":"In\u00edcio","item":"https:\/\/i3com.com.br\/"},{"@type":"ListItem","position":2,"name":"Fazendo Hist\u00f3ria"}]},{"@type":"WebSite","@id":"https:\/\/i3com.com.br\/#website","url":"https:\/\/i3com.com.br\/","name":"i3com","description":"Intelig\u00eancia Inspira o Infinito","publisher":{"@id":"https:\/\/i3com.com.br\/#organization"},"potentialAction":[{"@type":"SearchAction","target":{"@type":"EntryPoint","urlTemplate":"https:\/\/i3com.com.br\/?s={search_term_string}"},"query-input":{"@type":"PropertyValueSpecification","valueRequired":true,"valueName":"search_term_string"}}],"inLanguage":"en-US"},{"@type":"Organization","@id":"https:\/\/i3com.com.br\/#organization","name":"i3com","alternateName":"i3","url":"https:\/\/i3com.com.br\/","logo":{"@type":"ImageObject","inLanguage":"en-US","@id":"https:\/\/i3com.com.br\/#\/schema\/logo\/image\/","url":"https:\/\/i3com.com.br\/wp-content\/uploads\/2023\/06\/Favicon.png","contentUrl":"https:\/\/i3com.com.br\/wp-content\/uploads\/2023\/06\/Favicon.png","width":500,"height":500,"caption":"i3com"},"image":{"@id":"https:\/\/i3com.com.br\/#\/schema\/logo\/image\/"},"sameAs":["https:\/\/pt-br.facebook.com\/i3commidia","https:\/\/x.com\/i3commidia"],"description":"Nossa expertise abrange solu\u00e7\u00f5es de branding, comunica\u00e7\u00e3o e neg\u00f3cios, desenvolvidas para impactar, conectar e fidelizar clientes em ciclos de relacionamento.","email":"contato@i3com.com.br","legalName":"i3com M\u00eddia & Comunica\u00e7\u00e3o","publishingPrinciples":"https:\/\/i3com.com.br\/sintese-da-politica-de-privacidade-e-condicoes-gerais-de-uso-da-area-restrita\/"}]}},"_links":{"self":[{"href":"https:\/\/i3com.com.br\/en\/wp-json\/wp\/v2\/pages\/9017","targetHints":{"allow":["GET"]}}],"collection":[{"href":"https:\/\/i3com.com.br\/en\/wp-json\/wp\/v2\/pages"}],"about":[{"href":"https:\/\/i3com.com.br\/en\/wp-json\/wp\/v2\/types\/page"}],"author":[{"embeddable":true,"href":"https:\/\/i3com.com.br\/en\/wp-json\/wp\/v2\/users\/1"}],"replies":[{"embeddable":true,"href":"https:\/\/i3com.com.br\/en\/wp-json\/wp\/v2\/comments?post=9017"}],"version-history":[{"count":5,"href":"https:\/\/i3com.com.br\/en\/wp-json\/wp\/v2\/pages\/9017\/revisions"}],"predecessor-version":[{"id":12849,"href":"https:\/\/i3com.com.br\/en\/wp-json\/wp\/v2\/pages\/9017\/revisions\/12849"}],"wp:attachment":[{"href":"https:\/\/i3com.com.br\/en\/wp-json\/wp\/v2\/media?parent=9017"}],"curies":[{"name":"wp","href":"https:\/\/api.w.org\/{rel}","templated":true}]}}